{"id":1857,"date":"2024-03-13T08:42:16","date_gmt":"2024-03-13T08:42:16","guid":{"rendered":"http:\/\/hotel.website-prototype.de\/?page_id=1857"},"modified":"2024-04-15T07:05:24","modified_gmt":"2024-04-15T07:05:24","slug":"allgemeine-geschaeftsbedingungen","status":"publish","type":"page","link":"https:\/\/aparthotel-freiburg.de\/fr\/allgemeine-geschaeftsbedingungen","title":{"rendered":"Allgemeine Gesch\u00e4ftsbedingungen"},"content":{"rendered":"\n<div style=\"height:100px\" aria-hidden=\"true\" class=\"wp-block-spacer\"><\/div>\n\n\n\n<h1 class=\"wp-block-heading\"><strong>Allgemeine Gesch\u00e4ftsbedingungen Apart Hotel Freiburg<\/strong><\/h1>\n\n\n\n<p><br><strong>\u00a7 1 Geltungsbereich<\/strong><br>(1) Diese Gesch\u00e4ftsbedingungen gelten f\u00fcr Vertr\u00e4ge \u00fcber die mietweise \u00dcberlassung von Hotelzimmern zur Beherbergung sowie alle f\u00fcr den Kunden erbrachten weiteren Leistungen und Lieferungen des Hotels.<br>(2) Die Unter- oder Weitervermietung der \u00fcberlassenen Zimmer sowie deren Nutzung zu anderen als Beherbergungszwecken bed\u00fcrfen der vorherigen schriftlichen Zustimmung des Hotels.<br>(3) Gesch\u00e4ftsbedingungen des Kunden finden nur Anwendung, wenn dies vorher ausdr\u00fccklich schriftlich vereinbart wurde.<\/p>\n\n\n\n<p><br><strong>\u00a7 2 Vertragsabschluss, -partner, Verj\u00e4hrung<\/strong><br>(1) Der Vertrag kommt durch die Annahme des Antrags des Kunden durch das Hotel zustande. Das hei\u00dft, dass bereits mit der telefonischen Bestellung des Kunden und der m\u00fcndlichen Best\u00e4tigung der Buchung durch das Hotel ein Hotelaufnahmevertrag abgeschlossen wird. Dem Hotel steht es frei, die Zimmerbuchung schriftlich zu best\u00e4tigen.<br>(2) Vertragspartner sind das Hotel und der Kunde. Hat ein Dritter f\u00fcr den Kunden bestellt, haftet er dem Hotel gegen\u00fcber zusammen mit dem Kunden als Gesamtschuldner f\u00fcr alle Verpflichtungen aus dem Hotelaufnahmevertrag, sofern dem Hotel eine entsprechende Erkl\u00e4rung des Dritten vorliegt.<br>(3) Alle Anspr\u00fcche gegen das Hotel verj\u00e4hren grunds\u00e4tzlich in einem Jahr ab dem Beginn der kenntnisabh\u00e4ngigen regelm\u00e4\u00dfigen Verj\u00e4hrungsfrist. Schadensersatzanspr\u00fcche verj\u00e4hren kenntnisunabh\u00e4ngig in 5 Jahren. Die Verj\u00e4hrungsverk\u00fcrzungen gelten nicht bei Anspr\u00fcchen, die auf einer vors\u00e4tzlichen oder grob fahrl\u00e4ssigen Pflichtverletzung des Hotels beruhen.<\/p>\n\n\n\n<p><br><strong>\u00a7 3 Leistungen, Preise, Zahlung, Aufrechnung<\/strong><br>(1) Das Hotel ist verpflichtet, die vom Kunden gebuchten Zimmer bereitzuhalten und die vereinbarten Leistungen zu erbringen.<br>(2) Der Kunde ist verpflichtet, die f\u00fcr die Zimmer\u00fcberlassung und die von ihm in Anspruch genommenen weiteren Leistungen geltenden bzw. vereinbarten Preise des Hotels zu zahlen. Dies gilt auch f\u00fcr vom Kunden veranlasste Leistungen und Auslagen des Hotels an Dritte.<br>(3) Die vereinbarten Preise schlie\u00dfen die jeweilige gesetzliche Mehrwertsteuer ein. \u00dcberschreitet der Zeitraum zwischen Vertragsabschluss und Vertragserf\u00fcllung 4 Monate und erh\u00f6ht sich der vom Hotel allgemein f\u00fcr derartige Leistungen berechnete Preis, so kann dieses den vertraglich vereinbarten Preis angemessen, h\u00f6chstens jedoch um 5 % anheben.<br>(4) Die Preise k\u00f6nnen vom Hotel ferner ge\u00e4ndert werden, wenn der Kunde nachtr\u00e4glich \u00c4nderungen der Anzahl der gebuchten Zimmer, der Leistung des Hotels oder der Aufenthaltsdauer der G\u00e4ste w\u00fcnscht und das Hotel dem zustimmt.<br>(5) Rechnungen des Hotels ohne F\u00e4lligkeitsdatum sind binnen 10 Tagen ab Zugang der Rechnung ohne Abzug zahlbar. Das Hotel ist berechtigt, aufgelaufene Forderungen jederzeit f\u00e4llig zu stellen und unverz\u00fcgliche Zahlung zu verlangen. Bei Zahlungsverzug ist das Hotel berechtigt, die jeweils geltenden gesetzlichen Verzugszinsen in H\u00f6he von derzeit 8 % bzw. bei Rechtsgesch\u00e4ften, an denen ein Verbraucher beteiligt ist, in H\u00f6he von 5 % \u00fcber dem Basiszinssatz zu verlangen. Dem Hotel bleibt der Nachweis eines h\u00f6heren Schadens vorbehalten.<br>(6) Das Hotel ist berechtigt, bei Vertragsschluss oder danach, unter Ber\u00fccksichtigung der rechtlichen Bestimmungen f\u00fcr Pauschalreisen, eine angemessene Vorauszahlung oder Sicherheitsleistung zu verlangen. Die H\u00f6he der Vorauszahlung und die Zahlungstermine k\u00f6nnen im Vertrag schriftlich vereinbart werden.<br>(7) Der Kunde kann nur mit einer unstreitigen oder rechtskr\u00e4ftigen Forderung gegen\u00fcber einer Forderung des Hotels aufrechnen oder mindern.<\/p>\n\n\n\n<p><br><strong>\u00a7 4 R\u00fccktritt des Kunden (Abbestellung, Stornierung)\/ Nichtinanspruchnahme der Leistungen des Hotels (No Show)<\/strong><br>(1) Ein R\u00fccktritt des Kunden von dem mit dem Hotel geschlossenen Vertrag bedarf der schriftlichen Zustimmung des Hotels. Erfolgt diese nicht, so ist der vereinbarte Preis aus dem Vertrag auch dann zu zahlen, wenn der Kunde vertragliche Leistungen nicht in Anspruch nimmt. Dies gilt nicht bei Verletzung der Verpflichtung des Hotels zur R\u00fccksichtnahme auf Rechte, Rechtsg\u00fcter und Interessen des Kunden, wenn diesem dadurch ein Festhalten am Vertrag nicht mehr zuzumuten ist oder ein sonstiges gesetzliches oder vertragliches R\u00fccktrittsrecht zusteht.<br>(2) Sofern zwischen dem Hotel und dem Kunden ein Termin zum kostenfreien R\u00fccktritt vom Vertrag schriftlich vereinbart wurde, kann der Kunde bis dahin vom Vertrag zur\u00fccktreten, ohne Zahlungs- oder Schadensersatzanspr\u00fcche des Hotels auszul\u00f6sen. Das R\u00fccktrittsrecht des Kunden erlischt, wenn er nicht bis zum vereinbarten Termin sein Recht zum R\u00fccktritt schriftlich gegen\u00fcber dem Hotel aus\u00fcbt, sofern nicht ein Fall des R\u00fccktritts des Kunden gem\u00e4\u00df Abs. 1 Satz 3 vorliegt.<br>(3) Bei vom Kunden nicht in Anspruch genommenen Zimmern hat das Hotel die Einnahmen aus anderweitiger Vermietung der Zimmer sowie die eingesparten Aufwendungen anzurechnen.<br>(4) Dem Hotel steht es frei, die vertraglich vereinbarte Verg\u00fctung zu verlangen und den Abzug f\u00fcr ersparte Aufwendungen zu pauschalieren. Bei Stornierungen bis 30 Tage vor Anreise entstehen keine Verpflichtungen f\u00fcr den Kunden, jedoch ist er verpflichtet ab dem 29 bis zum 24 Tage vor Anreise 40%, ab dem 24 bis zum 19 vor der Anreise 70 % und ab dem 19 bis zum Tag der Anreise 90 % des vertraglich vereinbarten Preises zu bezahlen.<br>(5) Dem Kunden steht der Nachweis frei, dass der oben genannte Anspruch nicht oder nicht in der geforderten H\u00f6he entstanden ist.<br><br><\/p>\n\n\n\n<p><strong>\u00a7 5 R\u00fccktritt des Hotels<\/strong><br>(1) Sofern ein kostenfreies R\u00fccktrittsrecht des Kunden innerhalb einer bestimmten Frist schriftlich vereinbart wurde, ist das Hotel in diesem Zeitraum seinerseits berechtigt, vom Vertrag zur\u00fcckzutreten, wenn Anfragen anderer Kunden nach den vertraglich gebuchten Zimmern vorliegen und der Kunde auf R\u00fcckfrage des Hotels auf sein Recht zum R\u00fccktritt nicht verzichtet.<br>(2) Wird eine vereinbarte oder oben gem\u00e4\u00df \u00a7 3 Abs. 6 verlangte Vorauszahlung auch nach Verstreichen einer vom Hotel gesetzten angemessenen Nachfrist nicht geleistet, so ist das Hotel ebenfalls zum R\u00fccktritt vom Vertrag berechtigt.<br>(3) Ferner ist das Hotel berechtigt, aus sachlich gerechtfertigtem Grund vom Vertrag au\u00dferordentlich zur\u00fcckzutreten, beispielsweise falls<\/p>\n\n\n\n<div class=\"wp-block-stackable-icon-list stk-block-icon-list stk-block stk-658e7c6\" data-block-id=\"658e7c6\"><svg style=\"display:none\"><defs><g id=\"stk-icon-list__icon-svg-def-658e7c6\"><svg xmlns=\"http:\/\/www.w3.org\/2000\/svg\" viewBox=\"0 0 190 190\"><polygon points=\"173.8,28.4 60.4,141.8 15.7,97.2 5.1,107.8 60.4,163 184.4,39 173.8,28.4\"\/><\/svg><\/g><\/defs><\/svg><ul class=\"stk-block-icon-list__ul stk-block-icon-list--column\">\n<li class=\"wp-block-stackable-icon-list-item stk-block-icon-list-item stk-block stk-6b58c78\" data-block-id=\"6b58c78\"><div class=\"stk-block-icon-list-item__content\"><span class=\"stk--svg-wrapper\"><div class=\"stk--inner-svg\"><svg aria-hidden=\"true\" width=\"32\" height=\"32\"><use xlink:href=\"#stk-icon-list__icon-svg-def-658e7c6\"><\/use><\/svg><\/div><\/span><span class=\"stk-block-icon-list-item__text\">h\u00f6here Gewalt oder andere vom Hotel nicht zu vertretende Umst\u00e4nde die Erf\u00fcllung des Vertrages unm\u00f6glich machen;<\/span><\/div><\/li>\n\n\n\n<li class=\"wp-block-stackable-icon-list-item stk-block-icon-list-item stk-block stk-0d0804a\" data-block-id=\"0d0804a\"><div class=\"stk-block-icon-list-item__content\"><span class=\"stk--svg-wrapper\"><div class=\"stk--inner-svg\"><svg aria-hidden=\"true\" width=\"32\" height=\"32\"><use xlink:href=\"#stk-icon-list__icon-svg-def-658e7c6\"><\/use><\/svg><\/div><\/span><span class=\"stk-block-icon-list-item__text\">Zimmer unter irref\u00fchrender oder falscher Angabe wesentlicher Tatsachen, z. B. in der Person des Kunden oder des Zwecks, gebucht werden;<\/span><\/div><\/li>\n\n\n\n<li class=\"wp-block-stackable-icon-list-item stk-block-icon-list-item stk-block stk-58a64ee\" data-block-id=\"58a64ee\"><div class=\"stk-block-icon-list-item__content\"><span class=\"stk--svg-wrapper\"><div class=\"stk--inner-svg\"><svg aria-hidden=\"true\" width=\"32\" height=\"32\"><use xlink:href=\"#stk-icon-list__icon-svg-def-658e7c6\"><\/use><\/svg><\/div><\/span><span class=\"stk-block-icon-list-item__text\">das Hotel begr\u00fcndeten Anlass zu der Annahme hat, dass die Inanspruchnahme der Hotelleistung den reibungslosen Gesch\u00e4ftsbetrieb, die Sicherheit oder das Ansehen des Hotels in der \u00d6ffentlichkeit gef\u00e4hrden kann, ohne dass dies dem Herrschafts- bzw. Organisationsbereich des Hotels zuzurechnen ist;<\/span><\/div><\/li>\n\n\n\n<li class=\"wp-block-stackable-icon-list-item stk-block-icon-list-item stk-block stk-3f8eb72\" data-block-id=\"3f8eb72\"><div class=\"stk-block-icon-list-item__content\"><span class=\"stk--svg-wrapper\"><div class=\"stk--inner-svg\"><svg aria-hidden=\"true\" width=\"32\" height=\"32\"><use xlink:href=\"#stk-icon-list__icon-svg-def-658e7c6\"><\/use><\/svg><\/div><\/span><span class=\"stk-block-icon-list-item__text\">ein Versto\u00df gegen \u00a7 1 Abs. 2 vorliegt.<\/span><\/div><\/li>\n<\/ul><\/div>\n\n\n\n<p>(4) Bei berechtigtem R\u00fccktritt des Hotels entsteht kein Anspruch des Kunden auf Schadensersatz.<br>\u00a7 6 Zimmerbereitstellung, -\u00fcbergabe und -r\u00fcckgabe<br>(1) Der Kunde erwirbt keinen Anspruch auf die Bereitstellung bestimmter Zimmer.<br>(2) Gebuchte Zimmer stehen dem Kunden ab 15.00 Uhr des vereinbarten Anreisetages zur Verf\u00fcgung.<br>(3) Der Kunde hat keinen Anspruch auf fr\u00fchere Bereitstellung.<br>(4) Am vereinbarten Abreisetag sind die Zimmer dem Hotel sp\u00e4testens um 10.00 Uhr ger\u00e4umt zur Verf\u00fcgung zu stellen. Danach kann das Hotel aufgrund der versp\u00e4teten R\u00e4umung des Zimmers f\u00fcr dessen vertrags\u00fcberschreitende Nutzung bis 18.00 Uhr 50 % des vollen Logispreises (Listenpreises) in Rechnung stellen, ab 18.00 Uhr 100 %. Vertragliche Anspr\u00fcche des Kunden werden hierdurch nicht begr\u00fcndet. Ihm steht es frei, nachzuweisen, dass dem Hotel kein oder ein wesentlich niedrigerer Anspruch auf Nutzungsentgelt entstanden ist.<\/p>\n\n\n\n<p><br><strong>\u00a7 7 Haftung des Hotels<\/strong><br>(1) Das Hotel haftet mit der Sorgfalt eines ordentlichen Kaufmanns f\u00fcr seine Verpflichtungen aus dem Vertrag. Anspr\u00fcche des Kunden auf Schadensersatz sind ausgeschlossen. Hiervon ausgenommen sind Sch\u00e4den aus der Verletzung des Lebens, des K\u00f6rpers oder der Gesundheit, wenn das Hotel die Pflichtverletzung zu vertreten hat, sonstige Sch\u00e4den, die auf einer vors\u00e4tzlichen oder grob fahrl\u00e4ssigen Pflichtverletzung des Hotels beruhen, und Sch\u00e4den, die auf einer vors\u00e4tzlichen oder fahrl\u00e4ssigen Verletzung von vertragstypischen Pflichten des Hotels beruhen. Einer Pflichtverletzung des Hotels steht die eines gesetzlichen Vertreters oder Erf\u00fcllungsgehilfen gleich. Sollten St\u00f6rungen oder M\u00e4ngel an den Leistungen des Hotels auftreten, wird das Hotel bei Kenntnis oder auf unverz\u00fcgliche R\u00fcge des Kunden bem\u00fcht sein, f\u00fcr Abhilfe zu sorgen. Der Kunde ist verpflichtet, das ihm Zumutbare beizutragen, um die St\u00f6rung zu beheben und einen m\u00f6glichen Schaden gering zu halten.<br>(2) F\u00fcr eingebrachte Sachen haftet das Hotel dem Kunden nach den gesetzlichen Bestimmungen, das ist bis zum Hundertfachen des Zimmerpreises, h\u00f6chstens \u20ac 3.500,00, sowie f\u00fcr Geld, Wertpapiere und Kostbarkeiten bis zu \u20ac 800,00. Geld, Wertpapiere und Kostbarkeiten k\u00f6nnen bis zu einem H\u00f6chstwert von \u20ac 2500 im Hotel- oder Zimmersafe aufbewahrt werden. Das Hotel empfiehlt, von dieser M\u00f6glichkeit Gebrauch zu machen. Die Haftungsanspr\u00fcche erl\u00f6schen, wenn nicht der Kunde nach Erlangen der Kenntnis von Verlust, Zerst\u00f6rung oder Besch\u00e4digung unverz\u00fcglich dem Hotel Anzeige macht (\u00a7 703 BGB). F\u00fcr eine weitergehende Haftung des Hotels gilt vorstehender Abs. 1 S\u00e4tze 2 bis 4 entsprechend.<br>(3) Soweit dem Kunden ein Stellplatz in der Hotelgarage oder auf einem Hotelparkplatz, auch gegen Entgelt, zur Verf\u00fcgung gestellt wird, kommt dadurch kein Verwahrungsvertrag zustande. Bei Abhandenkommen oder Besch\u00e4digung auf dem Hotelgrundst\u00fcck abgestellter oder rangierter Kraftfahrzeuge und anderer Fortbewegungsmittel (Fahrr\u00e4der, e-Bikes \u2026) und deren Inhalte haftet das Hotel nicht, au\u00dfer bei Vorsatz oder grober Fahrl\u00e4ssigkeit. Vorstehender Abs. 1 S\u00e4tze 2 bis 4 gilt entsprechend.<br>(4) Weckauftr\u00e4ge werden vom Hotel mit gr\u00f6\u00dfter Sorgfalt ausgef\u00fchrt.<br>(5) Nachrichten, Post und Warensendungen f\u00fcr die G\u00e4ste werden mit Sorgfalt behandelt. Das Hotel \u00fcbernimmt die Zustellung, Aufbewahrung und &#8211; auf Wunsch &#8211; gegen Entgelt die Nachsendung derselben. Vorstehender Abs. 1 S\u00e4tze 2 bis 4 gilt entsprechend.<\/p>\n\n\n\n<p><br><strong>\u00a7 8 Schlussbestimmungen<\/strong><br>(1) \u00c4nderungen oder Erg\u00e4nzungen des Vertrags, der Antragsannahme oder dieser Gesch\u00e4ftsbedingungen f\u00fcr die Hotelaufnahme sollen schriftlich erfolgen. Einseitige \u00c4nderungen oder Erg\u00e4nzungen durch den Kunden sind unwirksam.<br>(2) Erf\u00fcllungs- und Zahlungsort ist der Sitz des Hotels.<br>(3) Ausschlie\u00dflicher Gerichtsstand &#8211; auch f\u00fcr Scheck- und Wechselstreitigkeiten &#8211; ist im kaufm\u00e4nnischen Verkehr der Sitz des Hotels.<br>(4) Es gilt deutsches Recht. Die Anwendung des UN-Kaufrechts und des Kollisionsrechts ist ausgeschlossen.<br>(5) Sollten einzelne Bestimmungen dieser Allgemeinen Gesch\u00e4ftsbedingungen f\u00fcr die Hotelaufnahme unwirksam oder nichtig sein oder werden, so wird dadurch die Wirksamkeit der \u00fcbrigen Bestimmungen nicht ber\u00fchrt. Im \u00dcbrigen gelten die gesetzlichen Vorschriften.<br>(6) Informationspflicht gem. Verbraucherstreitbeilegungsgesetz: Das Hotel ist zur Teilnahme an Streitbeilegungsverfahren vor einer Verbraucherschlichtungsstelle weder bereit noch verpflichtet.<\/p>\n","protected":false},"excerpt":{"rendered":"<p>Allgemeine Gesch\u00e4ftsbedingungen Apart Hotel Freiburg \u00a7 1 Geltungsbereich(1) Diese Gesch\u00e4ftsbedingungen gelten f\u00fcr Vertr\u00e4ge \u00fcber die mietweise \u00dcberlassung von Hotelzimmern zur Beherbergung sowie alle f\u00fcr den Kunden erbrachten weiteren Leistungen und Lieferungen des Hotels.(2) Die Unter- oder Weitervermietung der \u00fcberlassenen Zimmer sowie deren Nutzung zu anderen als Beherbergungszwecken bed\u00fcrfen der vorherigen schriftlichen Zustimmung des Hotels.(3) Gesch\u00e4ftsbedingungen [&hellip;]<\/p>\n","protected":false},"author":1,"featured_media":0,"parent":0,"menu_order":0,"comment_status":"closed","ping_status":"closed","template":"","meta":{"footnotes":""},"class_list":["post-1857","page","type-page","status-publish","hentry"],"blocksy_meta":{"page_title_panel":"","has_hero_section":"disabled","72bb6fdedd06e95ff87b7f7d0e876c0b":"","hero_section":"type-1","hero_elements":[{"id":"custom_title","enabled":true,"heading_tag":"h1","title":"Startseite"},{"id":"custom_description","enabled":true,"description_visibility":{"desktop":true,"tablet":true,"mobile":false}},{"id":"custom_meta","enabled":false,"meta_elements":[{"id":"author","enabled":true,"label":"Von","has_author_avatar":"yes","avatar_size":25},{"id":"post_date","enabled":true,"label":"Am","date_format_source":"default","date_format":"M j, Y"},{"id":"updated_date","enabled":false,"label":"Am","date_format_source":"default","date_format":"M j, Y"},{"id":"categories","enabled":false,"label":"In","style":"simple"},{"id":"comments","enabled":true}],"page_meta_elements":{"joined":true,"articles_count":true,"comments":true}},{"id":"breadcrumbs","enabled":false}],"8255d63f0be670ea54106174f9eb1780":"","hero_alignment1":"CT_CSS_SKIP_RULE","hero_margin":40,"hero_alignment2":"center","hero_vertical_alignment":"center","20b43bdc760f23a69880de20c1c9548d":"","hero_structure":"narrow","3cbebb071433e40980624d4800ef6813":"","page_title_bg_type":"featured_image","custom_hero_background":{"attachment_id":null},"page_title_image_size":"full","parallax":{"desktop":false,"tablet":false,"mobile":false},"d35610a775711275688a8d304b7fdf3c":"","hero_height":"250px","pageTitleFont":{"family":"Default","variation":"Default","size":"30px","line-height":"CT_CSS_SKIP_RULE","letter-spacing":"CT_CSS_SKIP_RULE","text-transform":"CT_CSS_SKIP_RULE","text-decoration":"CT_CSS_SKIP_RULE"},"pageTitleFontColor":{"default":{"color":"CT_CSS_SKIP_RULEDEFAULT"}},"pageMetaFont":{"family":"Default","variation":"n6","size":"12px","line-height":"1.3","letter-spacing":"CT_CSS_SKIP_RULE","text-transform":"uppercase","text-decoration":"CT_CSS_SKIP_RULE"},"pageMetaFontColor":{"default":{"color":"CT_CSS_SKIP_RULEDEFAULT"},"hover":{"color":"CT_CSS_SKIP_RULEDEFAULT"}},"page_meta_button_type_font_colors":{"default":{"color":"CT_CSS_SKIP_RULEDEFAULT"},"hover":{"color":"CT_CSS_SKIP_RULEDEFAULT"}},"page_meta_button_type_background_colors":{"default":{"color":"CT_CSS_SKIP_RULEDEFAULT"},"hover":{"color":"CT_CSS_SKIP_RULEDEFAULT"}},"pageExcerptFont":{"family":"Default","variation":"Default","size":"CT_CSS_SKIP_RULE","line-height":"CT_CSS_SKIP_RULE","letter-spacing":"CT_CSS_SKIP_RULE","text-transform":"CT_CSS_SKIP_RULE","text-decoration":"CT_CSS_SKIP_RULE"},"pageExcerptColor":{"default":{"color":"CT_CSS_SKIP_RULEDEFAULT"}},"breadcrumbsFont":{"family":"Default","variation":"Default","size":"CT_CSS_SKIP_RULE","line-height":"CT_CSS_SKIP_RULE","letter-spacing":"CT_CSS_SKIP_RULE","text-transform":"CT_CSS_SKIP_RULE","text-decoration":"CT_CSS_SKIP_RULE"},"breadcrumbsFontColor":{"default":{"color":"CT_CSS_SKIP_RULEDEFAULT"},"initial":{"color":"CT_CSS_SKIP_RULEDEFAULT"},"hover":{"color":"CT_CSS_SKIP_RULEDEFAULT"}},"pageTitleOverlay":{"background_type":"color","background_pattern":"type-1","background_image":{"attachment_id":null,"x":0,"y":0},"gradient":"linear-gradient(135deg,rgba(6,147,227,1) 0%,rgb(155,81,224) 100%)","background_repeat":"repeat","background_size":"auto","background_attachment":"scroll","patternColor":{"default":{"color":"#e5e7ea"}},"overlayColor":{"default":{"color":"CT_CSS_SKIP_RULE"}},"backgroundColor":{"default":{"color":"CT_CSS_SKIP_RULE"}}},"pageTitleBackground":{"background_type":"color","background_pattern":"type-1","background_image":{"attachment_id":null,"x":0,"y":0},"gradient":"linear-gradient(135deg,rgba(6,147,227,1) 0%,rgb(155,81,224) 100%)","background_repeat":"repeat","background_size":"auto","background_attachment":"scroll","patternColor":{"default":{"color":"#e5e7ea"}},"overlayColor":{"default":{"color":"CT_CSS_SKIP_RULE"}},"backgroundColor":{"default":{"color":"var(--theme-palette-color-6)"}}},"pageTitlePadding":{"top":"50px","bottom":"50px","left":"auto","right":"auto","linked":true},"9b8ed2862d5e783b1260cb2c3d88985d":"","page_structure_type":"type-3","6ed8309bedbe227bfd866a066e14006b":"","content_style_source":"inherit","content_style":"wide","vertical_spacing_source":"inherit","content_area_spacing":"both","background":{"background_type":"color","background_pattern":"type-1","background_image":{"attachment_id":null,"x":0,"y":0},"gradient":"linear-gradient(135deg,rgba(6,147,227,1) 0%,rgb(155,81,224) 100%)","background_repeat":"repeat","background_size":"auto","background_attachment":"scroll","patternColor":{"default":{"color":"#e5e7ea"}},"overlayColor":{"default":{"color":"CT_CSS_SKIP_RULE"}},"backgroundColor":{"default":{"color":"CT_CSS_SKIP_RULE"}}},"content_background":{"background_type":"color","background_pattern":"type-1","background_image":{"attachment_id":null,"x":0,"y":0},"gradient":"linear-gradient(135deg,rgba(6,147,227,1) 0%,rgb(155,81,224) 100%)","background_repeat":"repeat","background_size":"auto","background_attachment":"scroll","patternColor":{"default":{"color":"#e5e7ea"}},"overlayColor":{"default":{"color":"CT_CSS_SKIP_RULE"}},"backgroundColor":{"default":{"color":"var(--theme-palette-color-8)"}}},"content_boxed_shadow":{"inherit":false,"blur":18,"spread":-6,"v_offset":12,"h_offset":0,"inset":false,"enable":true,"color":{"color":"rgba(34, 56, 101, 0.04)"}},"content_boxed_border":{"width":1,"style":"none","color":{"color":"rgba(44,62,80,0.2)"}},"content_boxed_radius":{"top":"3px","bottom":"3px","left":"3px","right":"3px","linked":true},"boxed_content_spacing":{"desktop":{"top":"40px","bottom":"40px","left":"40px","right":"40px","linked":true},"tablet":{"top":"35px","bottom":"35px","left":"35px","right":"35px","linked":true},"mobile":{"top":"20px","bottom":"20px","left":"20px","right":"20px","linked":true}},"de1764fc1150d0f0d7b79e99c364c829":"","disable_featured_image":"no","disable_share_box":"no","disable_header":"no","disable_footer":"no","styles_descriptor":{"styles":{"desktop":"","tablet":"","mobile":""},"google_fonts":[],"version":6}},"translation":{"provider":"WPGlobus","version":"3.0.0","language":"fr","enabled_languages":["de","en","fr"],"languages":{"de":{"title":true,"content":true,"excerpt":false},"en":{"title":true,"content":true,"excerpt":false},"fr":{"title":true,"content":true,"excerpt":false}}},"_links":{"self":[{"href":"https:\/\/aparthotel-freiburg.de\/fr\/wp-json\/wp\/v2\/pages\/1857","targetHints":{"allow":["GET"]}}],"collection":[{"href":"https:\/\/aparthotel-freiburg.de\/fr\/wp-json\/wp\/v2\/pages"}],"about":[{"href":"https:\/\/aparthotel-freiburg.de\/fr\/wp-json\/wp\/v2\/types\/page"}],"author":[{"embeddable":true,"href":"https:\/\/aparthotel-freiburg.de\/fr\/wp-json\/wp\/v2\/users\/1"}],"replies":[{"embeddable":true,"href":"https:\/\/aparthotel-freiburg.de\/fr\/wp-json\/wp\/v2\/comments?post=1857"}],"version-history":[{"count":5,"href":"https:\/\/aparthotel-freiburg.de\/fr\/wp-json\/wp\/v2\/pages\/1857\/revisions"}],"predecessor-version":[{"id":1871,"href":"https:\/\/aparthotel-freiburg.de\/fr\/wp-json\/wp\/v2\/pages\/1857\/revisions\/1871"}],"wp:attachment":[{"href":"https:\/\/aparthotel-freiburg.de\/fr\/wp-json\/wp\/v2\/media?parent=1857"}],"curies":[{"name":"wp","href":"https:\/\/api.w.org\/{rel}","templated":true}]}}