{"id":1858,"date":"2024-03-13T08:43:57","date_gmt":"2024-03-13T08:43:57","guid":{"rendered":"http:\/\/hotel.website-prototype.de\/?page_id=1858"},"modified":"2025-04-23T15:25:25","modified_gmt":"2025-04-23T15:25:25","slug":"rechtliche-hinweise","status":"publish","type":"page","link":"https:\/\/aparthotel-freiburg.de\/fr\/rechtliche-hinweise","title":{"rendered":"Mentions l\u00e9gales"},"content":{"rendered":"\n<div style=\"height:100px\" aria-hidden=\"true\" class=\"wp-block-spacer\"><\/div>\n\n\n\n<h2 class=\"wp-block-heading\">Mentions l\u00e9gales<\/h2>\n\n\n\n<p><br>L&rsquo;exactitude des informations pr\u00e9sent\u00e9es sur ce site a \u00e9t\u00e9 v\u00e9rifi\u00e9e. Nous d\u00e9clinons toute responsabilit\u00e9 quant \u00e0 l&rsquo;absence d&rsquo;erreurs dans les informations et \u00e0 leur ad\u00e9quation avec l&rsquo;objectif recherch\u00e9 par le visiteur. Nous ne sommes pas responsables des dommages de toute nature caus\u00e9s par l&rsquo;utilisation des informations pr\u00e9sent\u00e9es ou par l&rsquo;utilisation des informations. L&rsquo;acc\u00e8s au site web et l&rsquo;utilisation des informations qui y sont pr\u00e9sent\u00e9es se font aux risques et p\u00e9rils de l&rsquo;utilisateur. Le site web de l&rsquo;\u00ab Apart Hotel Freiburg \u00bb contient des liens vers d&rsquo;autres sites web. Les liens vous font quitter le site web de l&rsquo;\u00ab Apart Hotel Freiburg \u00bb. Nous n&rsquo;assumons aucune garantie pour les contenus ou les modifications d&rsquo;autres sites web. Si des pages li\u00e9es devaient contenir des contenus ill\u00e9gaux ou immoraux, nous nous distan\u00e7ons clairement de ces pr\u00e9sences. Si nous prenons connaissance de telles choses, nous supprimerons imm\u00e9diatement le lien vers ces pr\u00e9sences. Il en va de m\u00eame pour toutes les questions relatives aux droits d&rsquo;auteur. \u00c9tant donn\u00e9 que le mat\u00e9riel d&rsquo;autrui n&rsquo;est int\u00e9gr\u00e9 dans notre pr\u00e9sence qu&rsquo;avec l&rsquo;autorisation et la mention de l&rsquo;auteur &#8211; pour autant que nous le connaissions -, nous partons du principe que cette utilisation nous est autoris\u00e9e au sens du droit d&rsquo;auteur. Toutefois, si un auteur n&rsquo;est pas d&rsquo;accord avec l&rsquo;utilisation, nous lui demandons de nous en informer. Nous supprimerons imm\u00e9diatement de notre pr\u00e9sence les parties contest\u00e9es. Nous nous r\u00e9servons le droit de modifier, de supprimer ou de suspendre notre pr\u00e9sence sans pr\u00e9avis.<\/p>\n","protected":false},"excerpt":{"rendered":"<p>Mentions l\u00e9gales L&rsquo;exactitude des informations pr\u00e9sent\u00e9es sur ce site a \u00e9t\u00e9 v\u00e9rifi\u00e9e. Nous d\u00e9clinons toute responsabilit\u00e9 quant \u00e0 l&rsquo;absence d&rsquo;erreurs dans les informations et \u00e0 leur ad\u00e9quation avec l&rsquo;objectif recherch\u00e9 par le visiteur. Nous ne sommes pas responsables des dommages de toute nature caus\u00e9s par l&rsquo;utilisation des informations pr\u00e9sent\u00e9es ou par l&rsquo;utilisation des informations. L&rsquo;acc\u00e8s [&hellip;]<\/p>\n","protected":false},"author":1,"featured_media":0,"parent":0,"menu_order":0,"comment_status":"closed","ping_status":"closed","template":"","meta":{"footnotes":""},"class_list":["post-1858","page","type-page","status-publish","hentry"],"blocksy_meta":{"page_title_panel":"","has_hero_section":"disabled","ae7f45240ed97f7accccb2611a3f0ed2":"","hero_section":"type-1","hero_elements":[{"id":"custom_title","enabled":true,"heading_tag":"h1","title":"Startseite"},{"id":"custom_description","enabled":true,"description_visibility":{"desktop":true,"tablet":true,"mobile":false}},{"id":"custom_meta","enabled":false,"meta_elements":[{"id":"author","enabled":true,"label":"Von","has_author_avatar":"yes","avatar_size":25},{"id":"post_date","enabled":true,"label":"Am","date_format_source":"default","date_format":"M j, Y"},{"id":"updated_date","enabled":false,"label":"Am","date_format_source":"default","date_format":"M j, Y"},{"id":"categories","enabled":false,"label":"In","style":"simple"},{"id":"comments","enabled":true}],"page_meta_elements":{"joined":true,"articles_count":true,"comments":true}},{"id":"breadcrumbs","enabled":false}],"67d69422f91046b439ebb6b2f1e90c33":"","hero_alignment1":"CT_CSS_SKIP_RULE","hero_margin":40,"hero_alignment2":"center","hero_vertical_alignment":"center","0b4f016041500368a0f544e4dde82a3f":"","hero_structure":"narrow","08dbc6dac12a6dcecdb108eb2340a943":"","page_title_bg_type":"featured_image","custom_hero_background":{"attachment_id":null},"page_title_image_size":"full","parallax":{"desktop":false,"tablet":false,"mobile":false},"36a497e500eb0d980978a5f7a7ec4ef8":"","hero_height":"250px","pageTitleFont":{"family":"Default","variation":"Default","size":"30px","line-height":"CT_CSS_SKIP_RULE","letter-spacing":"CT_CSS_SKIP_RULE","text-transform":"CT_CSS_SKIP_RULE","text-decoration":"CT_CSS_SKIP_RULE"},"pageTitleFontColor":{"default":{"color":"CT_CSS_SKIP_RULEDEFAULT"}},"pageMetaFont":{"family":"Default","variation":"n6","size":"12px","line-height":"1.3","letter-spacing":"CT_CSS_SKIP_RULE","text-transform":"uppercase","text-decoration":"CT_CSS_SKIP_RULE"},"pageMetaFontColor":{"default":{"color":"CT_CSS_SKIP_RULEDEFAULT"},"hover":{"color":"CT_CSS_SKIP_RULEDEFAULT"}},"page_meta_button_type_font_colors":{"default":{"color":"CT_CSS_SKIP_RULEDEFAULT"},"hover":{"color":"CT_CSS_SKIP_RULEDEFAULT"}},"page_meta_button_type_background_colors":{"default":{"color":"CT_CSS_SKIP_RULEDEFAULT"},"hover":{"color":"CT_CSS_SKIP_RULEDEFAULT"}},"pageExcerptFont":{"family":"Default","variation":"Default","size":"CT_CSS_SKIP_RULE","line-height":"CT_CSS_SKIP_RULE","letter-spacing":"CT_CSS_SKIP_RULE","text-transform":"CT_CSS_SKIP_RULE","text-decoration":"CT_CSS_SKIP_RULE"},"pageExcerptColor":{"default":{"color":"CT_CSS_SKIP_RULEDEFAULT"}},"breadcrumbsFont":{"family":"Default","variation":"Default","size":"CT_CSS_SKIP_RULE","line-height":"CT_CSS_SKIP_RULE","letter-spacing":"CT_CSS_SKIP_RULE","text-transform":"CT_CSS_SKIP_RULE","text-decoration":"CT_CSS_SKIP_RULE"},"breadcrumbsFontColor":{"default":{"color":"CT_CSS_SKIP_RULEDEFAULT"},"initial":{"color":"CT_CSS_SKIP_RULEDEFAULT"},"hover":{"color":"CT_CSS_SKIP_RULEDEFAULT"}},"pageTitleOverlay":{"background_type":"color","background_pattern":"type-1","background_image":{"attachment_id":null,"x":0,"y":0},"gradient":"linear-gradient(135deg,rgba(6,147,227,1) 0%,rgb(155,81,224) 100%)","background_repeat":"repeat","background_size":"auto","background_attachment":"scroll","patternColor":{"default":{"color":"#e5e7ea"}},"overlayColor":{"default":{"color":"CT_CSS_SKIP_RULE"}},"backgroundColor":{"default":{"color":"CT_CSS_SKIP_RULE"}}},"pageTitleBackground":{"background_type":"color","background_pattern":"type-1","background_image":{"attachment_id":null,"x":0,"y":0},"gradient":"linear-gradient(135deg,rgba(6,147,227,1) 0%,rgb(155,81,224) 100%)","background_repeat":"repeat","background_size":"auto","background_attachment":"scroll","patternColor":{"default":{"color":"#e5e7ea"}},"overlayColor":{"default":{"color":"CT_CSS_SKIP_RULE"}},"backgroundColor":{"default":{"color":"var(--theme-palette-color-6)"}}},"pageTitlePadding":{"top":"50px","bottom":"50px","left":"auto","right":"auto","linked":true},"ad7651e12d4064b4192e86caa669eda0":"","page_structure_type":"type-3","eadbfbad44128ed81bb66add3e8be4fc":"","content_style_source":"inherit","content_style":"wide","vertical_spacing_source":"inherit","content_area_spacing":"both","background":{"background_type":"color","background_pattern":"type-1","background_image":{"attachment_id":null,"x":0,"y":0},"gradient":"linear-gradient(135deg,rgba(6,147,227,1) 0%,rgb(155,81,224) 100%)","background_repeat":"repeat","background_size":"auto","background_attachment":"scroll","patternColor":{"default":{"color":"#e5e7ea"}},"overlayColor":{"default":{"color":"CT_CSS_SKIP_RULE"}},"backgroundColor":{"default":{"color":"CT_CSS_SKIP_RULE"}}},"content_background":{"background_type":"color","background_pattern":"type-1","background_image":{"attachment_id":null,"x":0,"y":0},"gradient":"linear-gradient(135deg,rgba(6,147,227,1) 0%,rgb(155,81,224) 100%)","background_repeat":"repeat","background_size":"auto","background_attachment":"scroll","patternColor":{"default":{"color":"#e5e7ea"}},"overlayColor":{"default":{"color":"CT_CSS_SKIP_RULE"}},"backgroundColor":{"default":{"color":"var(--theme-palette-color-8)"}}},"content_boxed_shadow":{"inherit":false,"blur":18,"spread":-6,"v_offset":12,"h_offset":0,"inset":false,"enable":true,"color":{"color":"rgba(34, 56, 101, 0.04)"}},"content_boxed_border":{"width":1,"style":"none","color":{"color":"rgba(44,62,80,0.2)"}},"content_boxed_radius":{"top":"3px","bottom":"3px","left":"3px","right":"3px","linked":true},"boxed_content_spacing":{"desktop":{"top":"40px","bottom":"40px","left":"40px","right":"40px","linked":true},"tablet":{"top":"35px","bottom":"35px","left":"35px","right":"35px","linked":true},"mobile":{"top":"20px","bottom":"20px","left":"20px","right":"20px","linked":true}},"9785da5d6eca1d35a8096a5ae196e675":"","disable_featured_image":"no","disable_share_box":"no","disable_header":"no","disable_footer":"no","styles_descriptor":{"styles":{"desktop":"","tablet":"","mobile":""},"google_fonts":[],"version":6}},"translation":{"provider":"WPGlobus","version":"3.0.0","language":"fr","enabled_languages":["de","en","fr"],"languages":{"de":{"title":true,"content":true,"excerpt":false},"en":{"title":true,"content":true,"excerpt":false},"fr":{"title":true,"content":true,"excerpt":false}}},"_links":{"self":[{"href":"https:\/\/aparthotel-freiburg.de\/fr\/wp-json\/wp\/v2\/pages\/1858","targetHints":{"allow":["GET"]}}],"collection":[{"href":"https:\/\/aparthotel-freiburg.de\/fr\/wp-json\/wp\/v2\/pages"}],"about":[{"href":"https:\/\/aparthotel-freiburg.de\/fr\/wp-json\/wp\/v2\/types\/page"}],"author":[{"embeddable":true,"href":"https:\/\/aparthotel-freiburg.de\/fr\/wp-json\/wp\/v2\/users\/1"}],"replies":[{"embeddable":true,"href":"https:\/\/aparthotel-freiburg.de\/fr\/wp-json\/wp\/v2\/comments?post=1858"}],"version-history":[{"count":6,"href":"https:\/\/aparthotel-freiburg.de\/fr\/wp-json\/wp\/v2\/pages\/1858\/revisions"}],"predecessor-version":[{"id":2037,"href":"https:\/\/aparthotel-freiburg.de\/fr\/wp-json\/wp\/v2\/pages\/1858\/revisions\/2037"}],"wp:attachment":[{"href":"https:\/\/aparthotel-freiburg.de\/fr\/wp-json\/wp\/v2\/media?parent=1858"}],"curies":[{"name":"wp","href":"https:\/\/api.w.org\/{rel}","templated":true}]}}